{"id":32,"date":"2019-08-19T06:41:26","date_gmt":"2019-08-19T06:41:26","guid":{"rendered":"https:\/\/kashmir-handicrafts.com\/?page_id=32"},"modified":"2019-08-19T06:45:25","modified_gmt":"2019-08-19T06:45:25","slug":"aus-fairalapaka-wird-hansafarm","status":"publish","type":"page","link":"https:\/\/kashmir-handicrafts.com\/","title":{"rendered":"Aus Fairalapaka wird Hansa-Farm!"},"content":{"rendered":"<p><strong>Alpakawolle ist nicht nur unter Allergikern beliebt: Besonders weich und anschmiegsam sorgt das unverwechselbare Tragegef\u00fchl daf\u00fcr, dass man den Rest der Welt vergessen m\u00f6chte. Damit das allerdings nicht passiert, benannten Sven und Carla ihr 2012 gegr\u00fcndetes Projekt fairalpaka: Auf diese Weise war es m\u00f6glich, sich in die angenehme W\u00e4rme zu h\u00fcllen und den Fokus auf den fairen Handel der Alpakawolle trotzdem nicht aus dem Blick zu verlieren. Wie bei jedem erfolgreichen Unternehmen bedeutet Fortschritt aber auch Ver\u00e4nderung \u2013 aus diesem Grund tr\u00e4gt die mit Herzblut gef\u00fchrte Firma nun einen neuen Namen.<img loading=\"lazy\" decoding=\"async\" class=\"aligncenter size-full wp-image-20\" src=\"https:\/\/kashmir-handicrafts.com\/wp-content\/uploads\/2019\/08\/alpaca-2709775_960_720.jpg\" alt=\"\" width=\"960\" height=\"720\" srcset=\"https:\/\/kashmir-handicrafts.com\/wp-content\/uploads\/2019\/08\/alpaca-2709775_960_720.jpg 960w, https:\/\/kashmir-handicrafts.com\/wp-content\/uploads\/2019\/08\/alpaca-2709775_960_720-300x225.jpg 300w, https:\/\/kashmir-handicrafts.com\/wp-content\/uploads\/2019\/08\/alpaca-2709775_960_720-768x576.jpg 768w\" sizes=\"auto, (max-width: 960px) 100vw, 960px\" \/><\/strong><\/p>\n<h2>Hansa-Farm: Warum fairalpaka einfach nicht mehr gepasst hat<\/h2>\n<p>Obwohl es auf der Hand liegt, dass Alpakas an sich ziemlich sympathische Tiere sind, reicht diese Tatsache f\u00fcr den erfolgreichen Vertrieb ihrer Wolle nat\u00fcrlich nicht aus. So war der Weg von Sven und Carlas Projekt wie bei jedem jungen Unternehmen von vielen Unsicherheiten gepflastert. Ohne zu wissen, wo genau ihr Weg sie hinf\u00fchren und ob sich Alpakawolle \u00fcberhaupt in Deutschland verkaufen w\u00fcrde, verfolgten sie ihr Ziel hartn\u00e4ckig und wurden schlussendlich mit einer richtigen Community belohnt: Insbesondere in Strickkreisen erfreute sich fairalpaka gro\u00dfer Beliebtheit. Das f\u00fchrte dazu, dass neben der Fanbase auch das Sortiment wuchs. Mittlerweile finden sich im Angebot auch viele weitere Wollsorten wie Merinowolle, Baumwolle, Kaschmirwolle und Mohairwolle wieder. Fairalpaka passte so nicht mehr wirklich \u2013 und musste Hansa-Farm Platz machen.<\/p>\n<h3>Bekannte Werte unter neuem Namen<\/h3>\n<p>Aufmerksame Kunden haben vermutlich schon festgestellt,\u00a0 dass der neue Name im Webauftritt bereits integriert wurde. Ein neues Logo sowie eine neue Domain bedeuten aber nicht, dass auch die Firma eine andere ist \u2013 im Gegenteil. Die Entscheidung fiel zugunsten von Hansa-Farm, weil damit alles ausgedr\u00fcckt wird, worauf Sven und Carla Wert legen: Tradition, Verl\u00e4sslichkeit und die Vertretung politischer, wirtschaftlicher und kultureller Werte. Die Farm, bei der alles beginnt, sollte mehr Erw\u00e4hnung finden, und auch mit \u201eHansa\u201c wird eine wertorientierte Bedeutung transportiert. W\u00e4hrend sich die Hanseleute des 12. bis 17. Jahrhunderts auch um eine sichere \u00dcberfahrt ins Ausland sorgten, garantieren Sven und Carla g\u00fcnstige Preise ihrer Alpakawolle dank Container-\u00dcberfahrt.<\/p>\n","protected":false},"excerpt":{"rendered":"<p>Alpakawolle ist nicht nur unter Allergikern beliebt: Besonders weich und anschmiegsam sorgt das unverwechselbare Tragegef\u00fchl daf\u00fcr, dass man den Rest der Welt vergessen m\u00f6chte. Damit das allerdings nicht passiert, benannten Sven und Carla ihr 2012 gegr\u00fcndetes Projekt fairalpaka: Auf diese Weise war es m\u00f6glich, sich in die angenehme W\u00e4rme zu<\/p>\n","protected":false},"author":1,"featured_media":0,"parent":0,"menu_order":0,"comment_status":"closed","ping_status":"closed","template":"template-fullwidth.php","meta":{"_seopress_robots_primary_cat":"","_seopress_titles_title":"","_seopress_titles_desc":"","_seopress_robots_index":"","footnotes":""},"class_list":["post-32","page","type-page","status-publish","hentry"],"_links":{"self":[{"href":"https:\/\/kashmir-handicrafts.com\/index.php?rest_route=\/wp\/v2\/pages\/32","targetHints":{"allow":["GET"]}}],"collection":[{"href":"https:\/\/kashmir-handicrafts.com\/index.php?rest_route=\/wp\/v2\/pages"}],"about":[{"href":"https:\/\/kashmir-handicrafts.com\/index.php?rest_route=\/wp\/v2\/types\/page"}],"author":[{"embeddable":true,"href":"https:\/\/kashmir-handicrafts.com\/index.php?rest_route=\/wp\/v2\/users\/1"}],"replies":[{"embeddable":true,"href":"https:\/\/kashmir-handicrafts.com\/index.php?rest_route=%2Fwp%2Fv2%2Fcomments&post=32"}],"version-history":[{"count":3,"href":"https:\/\/kashmir-handicrafts.com\/index.php?rest_route=\/wp\/v2\/pages\/32\/revisions"}],"predecessor-version":[{"id":44,"href":"https:\/\/kashmir-handicrafts.com\/index.php?rest_route=\/wp\/v2\/pages\/32\/revisions\/44"}],"wp:attachment":[{"href":"https:\/\/kashmir-handicrafts.com\/index.php?rest_route=%2Fwp%2Fv2%2Fmedia&parent=32"}],"curies":[{"name":"wp","href":"https:\/\/api.w.org\/{rel}","templated":true}]}}